{"id":1758,"date":"2021-07-07T14:12:02","date_gmt":"2021-07-07T14:12:02","guid":{"rendered":"https:\/\/romantikhotel.hu\/privacy-policy\/"},"modified":"2026-01-05T22:07:19","modified_gmt":"2026-01-05T22:07:19","slug":"privacy-policy","status":"publish","type":"page","link":"https:\/\/romantikhotel.hu\/en\/privacy-policy\/","title":{"rendered":"Privacy policy"},"content":{"rendered":"\t\t<div data-elementor-type=\"wp-page\" data-elementor-id=\"1758\" class=\"elementor elementor-1758 elementor-1149\">\n\t\t\t\t\t\t<section class=\"elementor-section elementor-top-section elementor-element elementor-element-32c8b57f elementor-section-boxed elementor-section-height-default elementor-section-height-default\" data-id=\"32c8b57f\" data-element_type=\"section\" data-settings=\"{&quot;jet_parallax_layout_list&quot;:[{&quot;jet_parallax_layout_image&quot;:{&quot;url&quot;:&quot;&quot;,&quot;id&quot;:&quot;&quot;,&quot;size&quot;:&quot;&quot;},&quot;_id&quot;:&quot;c544a70&quot;,&quot;jet_parallax_layout_speed&quot;:{&quot;unit&quot;:&quot;%&quot;,&quot;size&quot;:&quot;50&quot;,&quot;sizes&quot;:[]},&quot;jet_parallax_layout_bg_x&quot;:&quot;50&quot;,&quot;jet_parallax_layout_bg_y&quot;:&quot;50&quot;,&quot;jet_parallax_layout_image_tablet&quot;:{&quot;url&quot;:&quot;&quot;,&quot;id&quot;:&quot;&quot;,&quot;size&quot;:&quot;&quot;},&quot;jet_parallax_layout_image_mobile&quot;:{&quot;url&quot;:&quot;&quot;,&quot;id&quot;:&quot;&quot;,&quot;size&quot;:&quot;&quot;},&quot;jet_parallax_layout_type&quot;:&quot;scroll&quot;,&quot;jet_parallax_layout_direction&quot;:&quot;1&quot;,&quot;jet_parallax_layout_fx_direction&quot;:null,&quot;jet_parallax_layout_z_index&quot;:&quot;&quot;,&quot;jet_parallax_layout_bg_x_tablet&quot;:&quot;&quot;,&quot;jet_parallax_layout_bg_x_mobile&quot;:&quot;&quot;,&quot;jet_parallax_layout_bg_y_tablet&quot;:&quot;&quot;,&quot;jet_parallax_layout_bg_y_mobile&quot;:&quot;&quot;,&quot;jet_parallax_layout_bg_size&quot;:&quot;auto&quot;,&quot;jet_parallax_layout_bg_size_tablet&quot;:&quot;&quot;,&quot;jet_parallax_layout_bg_size_mobile&quot;:&quot;&quot;,&quot;jet_parallax_layout_animation_prop&quot;:&quot;transform&quot;,&quot;jet_parallax_layout_on&quot;:[&quot;desktop&quot;,&quot;tablet&quot;]}]}\">\n\t\t\t\t\t\t<div class=\"elementor-container elementor-column-gap-default\">\n\t\t\t\t\t<div class=\"elementor-column elementor-col-100 elementor-top-column elementor-element elementor-element-4d292cbc\" data-id=\"4d292cbc\" data-element_type=\"column\">\n\t\t\t<div class=\"elementor-widget-wrap elementor-element-populated\">\n\t\t\t\t\t\t<div class=\"elementor-element elementor-element-2cbaa42b elementor-widget elementor-widget-heading\" data-id=\"2cbaa42b\" data-element_type=\"widget\" data-widget_type=\"heading.default\">\n\t\t\t\t<div class=\"elementor-widget-container\">\n\t\t\t<h2 class=\"elementor-heading-title elementor-size-default\">Privacy policy<\/h2>\t\t<\/div>\n\t\t\t\t<\/div>\n\t\t\t\t<div class=\"elementor-element elementor-element-1956275e elementor-widget elementor-widget-text-editor\" data-id=\"1956275e\" data-element_type=\"widget\" data-widget_type=\"text-editor.default\">\n\t\t\t\t<div class=\"elementor-widget-container\">\n\t\t\t\t\t\t\t<p>Privacy statement:<\/p>\n<p>Privacy Statement of the other accommodation website of Hotel Romantik Eger (3300 Eger, Csiky S\u00e1ndor utca 26.).<\/p>\n<p>Act LXIII of 1992 and Act CXII of 2011 on the Right of Informational Self-Determination and Freedom of Information, the website processes the personal data provided in compliance with the provisions of the Act.<br \/>Scope of the law:<br \/>1 The scope of this law covers all areas of the use of the services offered on the Service Provider&#8217;s website.<br \/>2.2 The Act applies to natural persons, legal persons and unincorporated organisations (hereinafter referred to as the Client or the Clients).<\/p>\n<p>2.3 The scope of the Policy extends to the entire data processing process related to the management of records of the Customer&#8217;s data held by the Service Provider.<\/p>\n<p>2.4 The Act shall apply from the date of issue until amended or revoked.<\/p>\n<p>The main legislation taken into account in the preparation of the Code:<br \/>1 Act LXIII of 1992 on the Protection of Personal Data and on the Disclosure of Data of Public Interest (the &#8220;Data Protection Act&#8221;).3.2 Act CXIX of 1995 on the Processing of Name and Address Data for Research and Direct Marketing Purposes.<br \/>3.3 Act CVIII of 2001 on certain aspects of electronic commerce services and information society services.<br \/>Rights of the User:<br \/>You have the right to request information about the data we hold about you under the Data Protection Act. We have the right to ask for the correction\/deletion of incorrect data.<br \/>The Data Controller shall process the data for the purpose of fulfilling its accounting obligations for a period of 8 years pursuant to Article 169 of Act C of 2000, currently in force, and for the limitation period set out in Act XCII of 2003 on the Tax Code.<br \/>Reservation. The provision of the data is voluntary, whereby the Customer gives his consent to the processing of his personal data. It is the responsibility of the Client to provide the real data.<br \/>The Service Provider attaches importance to the protection of personal data and takes all security, technical and organizational measures to guarantee the security of the data.<br \/>In fulfilling its obligations under the Contract, the Service Provider shall act in accordance with the provisions of the legislation in force on the protection of personal data and the disclosure of data of public interest (currently: Act LXIII of 1992 and Act CXII of 2011 on the Right to Information Self-Determination and Freedom of Information).<br \/>The Guest acknowledges that the Service Provider is obliged by law to provide the requesting authority with the data required by law.<\/p>\n\t\t\t\t\t\t<\/div>\n\t\t\t\t<\/div>\n\t\t\t\t\t<\/div>\n\t\t<\/div>\n\t\t\t\t\t<\/div>\n\t\t<\/section>\n\t\t\t\t<\/div>\n\t\t","protected":false},"excerpt":{"rendered":"<p>Privacy policy Privacy statement: Privacy Statement of the other accommodation website of Hotel Romantik Eger (3300 Eger, Csiky S\u00e1ndor utca 26.). Act LXIII of 1992 and Act CXII of 2011 on the Right of Informational Self-Determination and Freedom of Information, the website processes the personal data provided in compliance with the provisions of the Act.Scope [&hellip;]<\/p>\n","protected":false},"author":1,"featured_media":0,"parent":0,"menu_order":0,"comment_status":"closed","ping_status":"closed","template":"","meta":[],"acf":[],"yoast_head":"<!-- This site is optimized with the Yoast SEO plugin v21.1 - https:\/\/yoast.com\/wordpress\/plugins\/seo\/ -->\n<title>Privacy policy - Romantik Hotel***<\/title>\n<meta name=\"robots\" content=\"index, follow, max-snippet:-1, max-image-preview:large, max-video-preview:-1\" \/>\n<link rel=\"canonical\" href=\"https:\/\/romantikhotel.hu\/adatvedelem\/\" \/>\n<meta property=\"og:locale\" content=\"en_US\" \/>\n<meta property=\"og:type\" content=\"article\" \/>\n<meta property=\"og:title\" content=\"Privacy policy - Romantik Hotel***\" \/>\n<meta property=\"og:description\" content=\"Privacy policy Privacy statement: Privacy Statement of the other accommodation website of Hotel Romantik Eger (3300 Eger, Csiky S\u00e1ndor utca 26.). Act LXIII of 1992 and Act CXII of 2011 on the Right of Informational Self-Determination and Freedom of Information, the website processes the personal data provided in compliance with the provisions of the Act.Scope [&hellip;]\" \/>\n<meta property=\"og:url\" content=\"https:\/\/romantikhotel.hu\/adatvedelem\/\" \/>\n<meta property=\"og:site_name\" content=\"Romantik Hotel***\" \/>\n<meta property=\"article:modified_time\" content=\"2026-01-05T22:07:19+00:00\" \/>\n<meta name=\"twitter:card\" content=\"summary_large_image\" \/>\n<meta name=\"twitter:label1\" content=\"Est. reading time\" \/>\n\t<meta name=\"twitter:data1\" content=\"2 minutes\" \/>\n<script type=\"application\/ld+json\" class=\"yoast-schema-graph\">{\"@context\":\"https:\/\/schema.org\",\"@graph\":[{\"@type\":\"WebPage\",\"@id\":\"https:\/\/romantikhotel.hu\/adatvedelem\/\",\"url\":\"https:\/\/romantikhotel.hu\/adatvedelem\/\",\"name\":\"Privacy policy - Romantik Hotel***\",\"isPartOf\":{\"@id\":\"https:\/\/romantikhotel.hu\/#website\"},\"datePublished\":\"2021-07-07T14:12:02+00:00\",\"dateModified\":\"2026-01-05T22:07:19+00:00\",\"breadcrumb\":{\"@id\":\"https:\/\/romantikhotel.hu\/adatvedelem\/#breadcrumb\"},\"inLanguage\":\"en-US\",\"potentialAction\":[{\"@type\":\"ReadAction\",\"target\":[\"https:\/\/romantikhotel.hu\/adatvedelem\/\"]}]},{\"@type\":\"BreadcrumbList\",\"@id\":\"https:\/\/romantikhotel.hu\/adatvedelem\/#breadcrumb\",\"itemListElement\":[{\"@type\":\"ListItem\",\"position\":1,\"name\":\"Kezd\u0151lap\",\"item\":\"https:\/\/romantikhotel.hu\/\"},{\"@type\":\"ListItem\",\"position\":2,\"name\":\"Privacy policy\"}]},{\"@type\":\"WebSite\",\"@id\":\"https:\/\/romantikhotel.hu\/#website\",\"url\":\"https:\/\/romantikhotel.hu\/\",\"name\":\"Romantik Hotel***\",\"description\":\"Kikapcsol\u00f3d\u00e1s Eger belv\u00e1ros\u00e1ban\",\"potentialAction\":[{\"@type\":\"SearchAction\",\"target\":{\"@type\":\"EntryPoint\",\"urlTemplate\":\"https:\/\/romantikhotel.hu\/?s={search_term_string}\"},\"query-input\":\"required name=search_term_string\"}],\"inLanguage\":\"en-US\"}]}<\/script>\n<!-- \/ Yoast SEO plugin. -->","yoast_head_json":{"title":"Privacy policy - Romantik Hotel***","robots":{"index":"index","follow":"follow","max-snippet":"max-snippet:-1","max-image-preview":"max-image-preview:large","max-video-preview":"max-video-preview:-1"},"canonical":"https:\/\/romantikhotel.hu\/adatvedelem\/","og_locale":"en_US","og_type":"article","og_title":"Privacy policy - Romantik Hotel***","og_description":"Privacy policy Privacy statement: Privacy Statement of the other accommodation website of Hotel Romantik Eger (3300 Eger, Csiky S\u00e1ndor utca 26.). Act LXIII of 1992 and Act CXII of 2011 on the Right of Informational Self-Determination and Freedom of Information, the website processes the personal data provided in compliance with the provisions of the Act.Scope [&hellip;]","og_url":"https:\/\/romantikhotel.hu\/adatvedelem\/","og_site_name":"Romantik Hotel***","article_modified_time":"2026-01-05T22:07:19+00:00","twitter_card":"summary_large_image","twitter_misc":{"Est. reading time":"2 minutes"},"schema":{"@context":"https:\/\/schema.org","@graph":[{"@type":"WebPage","@id":"https:\/\/romantikhotel.hu\/adatvedelem\/","url":"https:\/\/romantikhotel.hu\/adatvedelem\/","name":"Privacy policy - Romantik Hotel***","isPartOf":{"@id":"https:\/\/romantikhotel.hu\/#website"},"datePublished":"2021-07-07T14:12:02+00:00","dateModified":"2026-01-05T22:07:19+00:00","breadcrumb":{"@id":"https:\/\/romantikhotel.hu\/adatvedelem\/#breadcrumb"},"inLanguage":"en-US","potentialAction":[{"@type":"ReadAction","target":["https:\/\/romantikhotel.hu\/adatvedelem\/"]}]},{"@type":"BreadcrumbList","@id":"https:\/\/romantikhotel.hu\/adatvedelem\/#breadcrumb","itemListElement":[{"@type":"ListItem","position":1,"name":"Kezd\u0151lap","item":"https:\/\/romantikhotel.hu\/"},{"@type":"ListItem","position":2,"name":"Privacy policy"}]},{"@type":"WebSite","@id":"https:\/\/romantikhotel.hu\/#website","url":"https:\/\/romantikhotel.hu\/","name":"Romantik Hotel***","description":"Kikapcsol\u00f3d\u00e1s Eger belv\u00e1ros\u00e1ban","potentialAction":[{"@type":"SearchAction","target":{"@type":"EntryPoint","urlTemplate":"https:\/\/romantikhotel.hu\/?s={search_term_string}"},"query-input":"required name=search_term_string"}],"inLanguage":"en-US"}]}},"_links":{"self":[{"href":"https:\/\/romantikhotel.hu\/en\/wp-json\/wp\/v2\/pages\/1758"}],"collection":[{"href":"https:\/\/romantikhotel.hu\/en\/wp-json\/wp\/v2\/pages"}],"about":[{"href":"https:\/\/romantikhotel.hu\/en\/wp-json\/wp\/v2\/types\/page"}],"author":[{"embeddable":true,"href":"https:\/\/romantikhotel.hu\/en\/wp-json\/wp\/v2\/users\/1"}],"replies":[{"embeddable":true,"href":"https:\/\/romantikhotel.hu\/en\/wp-json\/wp\/v2\/comments?post=1758"}],"version-history":[{"count":2,"href":"https:\/\/romantikhotel.hu\/en\/wp-json\/wp\/v2\/pages\/1758\/revisions"}],"predecessor-version":[{"id":1930,"href":"https:\/\/romantikhotel.hu\/en\/wp-json\/wp\/v2\/pages\/1758\/revisions\/1930"}],"wp:attachment":[{"href":"https:\/\/romantikhotel.hu\/en\/wp-json\/wp\/v2\/media?parent=1758"}],"curies":[{"name":"wp","href":"https:\/\/api.w.org\/{rel}","templated":true}]}}