{"id":1752,"date":"2021-07-07T14:33:14","date_gmt":"2021-07-07T14:33:14","guid":{"rendered":"https:\/\/romantikhotel.hu\/prices\/"},"modified":"2026-02-27T08:59:20","modified_gmt":"2026-02-27T08:59:20","slug":"prices","status":"publish","type":"page","link":"https:\/\/romantikhotel.hu\/en\/prices\/","title":{"rendered":"Prices"},"content":{"rendered":"\t\t<div data-elementor-type=\"wp-page\" data-elementor-id=\"1752\" class=\"elementor elementor-1752 elementor-1175\">\n\t\t\t\t\t\t<section class=\"elementor-section elementor-top-section elementor-element elementor-element-30ab4d9a elementor-section-boxed elementor-section-height-default elementor-section-height-default\" data-id=\"30ab4d9a\" data-element_type=\"section\" data-settings=\"{&quot;jet_parallax_layout_list&quot;:[{&quot;jet_parallax_layout_image&quot;:{&quot;url&quot;:&quot;&quot;,&quot;id&quot;:&quot;&quot;,&quot;size&quot;:&quot;&quot;},&quot;_id&quot;:&quot;c544a70&quot;,&quot;jet_parallax_layout_speed&quot;:{&quot;unit&quot;:&quot;%&quot;,&quot;size&quot;:&quot;50&quot;,&quot;sizes&quot;:[]},&quot;jet_parallax_layout_bg_x&quot;:&quot;50&quot;,&quot;jet_parallax_layout_bg_y&quot;:&quot;50&quot;,&quot;jet_parallax_layout_image_tablet&quot;:{&quot;url&quot;:&quot;&quot;,&quot;id&quot;:&quot;&quot;,&quot;size&quot;:&quot;&quot;},&quot;jet_parallax_layout_image_mobile&quot;:{&quot;url&quot;:&quot;&quot;,&quot;id&quot;:&quot;&quot;,&quot;size&quot;:&quot;&quot;},&quot;jet_parallax_layout_type&quot;:&quot;scroll&quot;,&quot;jet_parallax_layout_direction&quot;:&quot;1&quot;,&quot;jet_parallax_layout_fx_direction&quot;:null,&quot;jet_parallax_layout_z_index&quot;:&quot;&quot;,&quot;jet_parallax_layout_bg_x_tablet&quot;:&quot;&quot;,&quot;jet_parallax_layout_bg_x_mobile&quot;:&quot;&quot;,&quot;jet_parallax_layout_bg_y_tablet&quot;:&quot;&quot;,&quot;jet_parallax_layout_bg_y_mobile&quot;:&quot;&quot;,&quot;jet_parallax_layout_bg_size&quot;:&quot;auto&quot;,&quot;jet_parallax_layout_bg_size_tablet&quot;:&quot;&quot;,&quot;jet_parallax_layout_bg_size_mobile&quot;:&quot;&quot;,&quot;jet_parallax_layout_animation_prop&quot;:&quot;transform&quot;,&quot;jet_parallax_layout_on&quot;:[&quot;desktop&quot;,&quot;tablet&quot;]}]}\">\n\t\t\t\t\t\t<div class=\"elementor-container elementor-column-gap-default\">\n\t\t\t\t\t<div class=\"elementor-column elementor-col-100 elementor-top-column elementor-element elementor-element-f1e5e93\" data-id=\"f1e5e93\" data-element_type=\"column\">\n\t\t\t<div class=\"elementor-widget-wrap elementor-element-populated\">\n\t\t\t\t\t\t<div class=\"elementor-element elementor-element-1a655751 elementor-widget elementor-widget-heading\" data-id=\"1a655751\" data-element_type=\"widget\" data-widget_type=\"heading.default\">\n\t\t\t\t<div class=\"elementor-widget-container\">\n\t\t\t<h2 class=\"elementor-heading-title elementor-size-default\">Prices<\/h2>\t\t<\/div>\n\t\t\t\t<\/div>\n\t\t\t\t<div class=\"elementor-element elementor-element-52ec092a elementor-widget elementor-widget-text-editor\" data-id=\"52ec092a\" data-element_type=\"widget\" data-widget_type=\"text-editor.default\">\n\t\t\t\t<div class=\"elementor-widget-container\">\n\t\t\t\t\t\t\t<p>Breakfast buffet is included in the rates. See our current special offers here.<\/p>\n\t\t\t\t\t\t<\/div>\n\t\t\t\t<\/div>\n\t\t\t\t<div class=\"elementor-element elementor-element-adcd087 elementor-widget elementor-widget-html\" data-id=\"adcd087\" data-element_type=\"widget\" data-widget_type=\"html.default\">\n\t\t\t\t<div class=\"elementor-widget-container\">\n\t\t\t<style>\r\n  .prices-wrap{\r\n    max-width: 980px;\r\n    margin: 0 auto;\r\n  }\r\n\r\n  .prices-card{\r\n    border: 1px solid #f1c9cf;\r\n    border-radius: 6px;\r\n    overflow: hidden;\r\n    background: #fff;\r\n  }\r\n\r\n  table.price-table{\r\n    width: 100%;\r\n    border-collapse: collapse;\r\n    table-layout: fixed;\r\n  }\r\n\r\n  .price-table thead th{\r\n    background: #f58a97;\r\n    color: #fff;\r\n    font-weight: 700;\r\n    padding: 14px 18px;\r\n    font-size: 18px;\r\n    line-height: 1.2;\r\n    text-align: center;\r\n  }\r\n\r\n  .price-table thead th:first-child{\r\n    text-align: center;\r\n  }\r\n\r\n  .price-table tbody td{\r\n    padding: 18px 16px;\r\n    font-size: 18px;\r\n    line-height: 1.25;\r\n    color: #2b2b2b;\r\n    text-align: center;\r\n    border-top: 1px solid #f1c9cf;\r\n    border-right: 1px solid #f1c9cf;\r\n    background: #fff;\r\n  }\r\n\r\n  .price-table tbody tr td:last-child{\r\n    border-right: none;\r\n  }\r\n\r\n  .price-table tbody td.room{\r\n    font-weight: 700;\r\n  }\r\n\r\n  .prices-notes{\r\n    max-width: 980px;\r\n    margin: 18px auto 0;\r\n    font-size: 15px;\r\n    line-height: 1.5;\r\n    color: #2b2b2b;\r\n  }\r\n\r\n  .prices-notes p{\r\n    margin: 0 0 10px 0;\r\n  }\r\n\r\n  .prices-notes .muted{\r\n    font-style: italic;\r\n    color: #555;\r\n  }\r\n\r\n  @media (max-width: 768px){\r\n    .price-table thead{\r\n      display: none;\r\n    }\r\n    .price-table, .price-table tbody, .price-table tr, .price-table td{\r\n      display: block;\r\n      width: 100%;\r\n    }\r\n    .price-table tbody tr{\r\n      border-top: 1px solid #f1c9cf;\r\n    }\r\n    .price-table tbody td{\r\n      border-right: none;\r\n      text-align: left;\r\n      padding: 14px 14px;\r\n    }\r\n    .price-table tbody td.room{\r\n      background: #fff6f7;\r\n    }\r\n    .price-table tbody td[data-label]::before{\r\n      content: attr(data-label) \": \";\r\n      font-weight: 700;\r\n      display: inline-block;\r\n      margin-right: 6px;\r\n    }\r\n  }\r\n<\/style>\r\n\r\n<div class=\"prices-wrap\">\r\n  <div class=\"prices-card\">\r\n    <table class=\"price-table\" aria-label=\"Room rates\">\r\n      <thead>\r\n        <tr>\r\n          <th>\u00a0<\/th>\r\n          <th>Pre- and post-season<\/th>\r\n          <th>High season<\/th>\r\n        <\/tr>\r\n      <\/thead>\r\n      <tbody>\r\n        <tr>\r\n          <td class=\"room\">Standard room (1 person)<\/td>\r\n          <td data-label=\"Pre- and post-season\">18,000 \u2013 23,500 HUF<\/td>\r\n          <td data-label=\"High season\">24,000 \u2013 32,500 HUF<\/td>\r\n        <\/tr>\r\n        <tr>\r\n          <td class=\"room\">Standard room (2 people)<\/td>\r\n          <td data-label=\"Pre- and post-season\">23,500 \u2013 29,500 HUF<\/td>\r\n          <td data-label=\"High season\">29,500 \u2013 37,500 HUF<\/td>\r\n        <\/tr>\r\n        <tr>\r\n          <td class=\"room\">Triple room (3 beds)<\/td>\r\n          <td data-label=\"Pre- and post-season\">26,500 \u2013 36,500 HUF<\/td>\r\n          <td data-label=\"High season\">37,500 \u2013 45,500 HUF<\/td>\r\n        <\/tr>\r\n        <tr>\r\n          <td class=\"room\">Superior room (1 person)<\/td>\r\n          <td data-label=\"Pre- and post-season\">22,500 \u2013 27,500 HUF<\/td>\r\n          <td data-label=\"High season\">26,500 \u2013 36,500 HUF<\/td>\r\n        <\/tr>\r\n        <tr>\r\n          <td class=\"room\">Superior room (2 people)<\/td>\r\n          <td data-label=\"Pre- and post-season\">28,500 \u2013 34,500 HUF<\/td>\r\n          <td data-label=\"High season\">33,500 \u2013 43,500 HUF<\/td>\r\n        <\/tr>\r\n        <tr>\r\n          <td class=\"room\">Extra bed in the room<\/td>\r\n          <td data-label=\"Pre- and post-season\">8,000 \u2013 12,000 HUF<\/td>\r\n          <td data-label=\"High season\">13,000 \u2013 16,000 HUF<\/td>\r\n        <\/tr>\r\n      <\/tbody>\r\n    <\/table>\r\n  <\/div>\r\n\r\n  <div class=\"prices-notes\">\r\n    <p><strong>Pre- and post-season:<\/strong> 11\/06 \u2013 12\/21 and 01\/02 \u2013 02\/28<\/p>\r\n    <p><strong>High season:<\/strong> 03\/01 \u2013 11\/05<\/p>\r\n    <p class=\"muted\">(In addition, during holiday periods and major city events. On New Year\u2019s Eve, a minimum stay of 2 nights is required.)<\/p>\r\n    <p><strong>Tourist tax<\/strong> 750 HUF\/person\/night<\/p><p><strong>Parking:<\/strong> Our hotel has its own parking lot (8 spaces) for 2000 HUF\/night, or you can park on Csiky S\u00e1ndor Street (municipal paid parking).<\/p>\r\n  <\/div>\r\n<\/div>\r\n\t\t<\/div>\n\t\t\t\t<\/div>\n\t\t\t\t\t<\/div>\n\t\t<\/div>\n\t\t\t\t\t<\/div>\n\t\t<\/section>\n\t\t\t\t<\/div>\n\t\t","protected":false},"excerpt":{"rendered":"<p>Prices Breakfast buffet is included in the rates. See our current special offers here. \u00a0 Pre- and post-season High season Standard room (1 person) 18,000 \u2013 23,500 HUF 24,000 \u2013 32,500 HUF Standard room (2 people) 23,500 \u2013 29,500 HUF 29,500 \u2013 37,500 HUF Triple room (3 beds) 26,500 \u2013 36,500 HUF 37,500 \u2013 45,500 [&hellip;]<\/p>\n","protected":false},"author":1,"featured_media":0,"parent":0,"menu_order":0,"comment_status":"closed","ping_status":"closed","template":"","meta":[],"acf":[],"yoast_head":"<!-- This site is optimized with the Yoast SEO plugin v21.1 - https:\/\/yoast.com\/wordpress\/plugins\/seo\/ -->\n<title>Prices - Romantik Hotel***<\/title>\n<meta name=\"description\" content=\"Check out the current offers at Romantik Hotel Eger. Prices include breakfast buffet. A glass of wine from Eger is on the house!\" \/>\n<meta name=\"robots\" content=\"index, follow, max-snippet:-1, max-image-preview:large, max-video-preview:-1\" \/>\n<link rel=\"canonical\" href=\"https:\/\/romantikhotel.hu\/arak\/\" \/>\n<meta property=\"og:locale\" content=\"en_US\" \/>\n<meta property=\"og:type\" content=\"article\" \/>\n<meta property=\"og:title\" content=\"Prices - Romantik Hotel***\" \/>\n<meta property=\"og:description\" content=\"Check out the current offers at Romantik Hotel Eger. Prices include breakfast buffet. A glass of wine from Eger is on the house!\" \/>\n<meta property=\"og:url\" content=\"https:\/\/romantikhotel.hu\/arak\/\" \/>\n<meta property=\"og:site_name\" content=\"Romantik Hotel***\" \/>\n<meta property=\"article:modified_time\" content=\"2026-02-27T08:59:20+00:00\" \/>\n<meta name=\"twitter:card\" content=\"summary_large_image\" \/>\n<meta name=\"twitter:label1\" content=\"Est. reading time\" \/>\n\t<meta name=\"twitter:data1\" content=\"1 minute\" \/>\n<script type=\"application\/ld+json\" class=\"yoast-schema-graph\">{\"@context\":\"https:\/\/schema.org\",\"@graph\":[{\"@type\":\"WebPage\",\"@id\":\"https:\/\/romantikhotel.hu\/arak\/\",\"url\":\"https:\/\/romantikhotel.hu\/arak\/\",\"name\":\"Prices - Romantik Hotel***\",\"isPartOf\":{\"@id\":\"https:\/\/romantikhotel.hu\/#website\"},\"datePublished\":\"2021-07-07T14:33:14+00:00\",\"dateModified\":\"2026-02-27T08:59:20+00:00\",\"description\":\"Check out the current offers at Romantik Hotel Eger. Prices include breakfast buffet. A glass of wine from Eger is on the house!\",\"breadcrumb\":{\"@id\":\"https:\/\/romantikhotel.hu\/arak\/#breadcrumb\"},\"inLanguage\":\"en-US\",\"potentialAction\":[{\"@type\":\"ReadAction\",\"target\":[\"https:\/\/romantikhotel.hu\/arak\/\"]}]},{\"@type\":\"BreadcrumbList\",\"@id\":\"https:\/\/romantikhotel.hu\/arak\/#breadcrumb\",\"itemListElement\":[{\"@type\":\"ListItem\",\"position\":1,\"name\":\"Kezd\u0151lap\",\"item\":\"https:\/\/romantikhotel.hu\/\"},{\"@type\":\"ListItem\",\"position\":2,\"name\":\"Prices\"}]},{\"@type\":\"WebSite\",\"@id\":\"https:\/\/romantikhotel.hu\/#website\",\"url\":\"https:\/\/romantikhotel.hu\/\",\"name\":\"Romantik Hotel***\",\"description\":\"Kikapcsol\u00f3d\u00e1s Eger belv\u00e1ros\u00e1ban\",\"potentialAction\":[{\"@type\":\"SearchAction\",\"target\":{\"@type\":\"EntryPoint\",\"urlTemplate\":\"https:\/\/romantikhotel.hu\/?s={search_term_string}\"},\"query-input\":\"required name=search_term_string\"}],\"inLanguage\":\"en-US\"}]}<\/script>\n<!-- \/ Yoast SEO plugin. -->","yoast_head_json":{"title":"Prices - Romantik Hotel***","description":"Check out the current offers at Romantik Hotel Eger. Prices include breakfast buffet. A glass of wine from Eger is on the house!","robots":{"index":"index","follow":"follow","max-snippet":"max-snippet:-1","max-image-preview":"max-image-preview:large","max-video-preview":"max-video-preview:-1"},"canonical":"https:\/\/romantikhotel.hu\/arak\/","og_locale":"en_US","og_type":"article","og_title":"Prices - Romantik Hotel***","og_description":"Check out the current offers at Romantik Hotel Eger. Prices include breakfast buffet. A glass of wine from Eger is on the house!","og_url":"https:\/\/romantikhotel.hu\/arak\/","og_site_name":"Romantik Hotel***","article_modified_time":"2026-02-27T08:59:20+00:00","twitter_card":"summary_large_image","twitter_misc":{"Est. reading time":"1 minute"},"schema":{"@context":"https:\/\/schema.org","@graph":[{"@type":"WebPage","@id":"https:\/\/romantikhotel.hu\/arak\/","url":"https:\/\/romantikhotel.hu\/arak\/","name":"Prices - Romantik Hotel***","isPartOf":{"@id":"https:\/\/romantikhotel.hu\/#website"},"datePublished":"2021-07-07T14:33:14+00:00","dateModified":"2026-02-27T08:59:20+00:00","description":"Check out the current offers at Romantik Hotel Eger. Prices include breakfast buffet. A glass of wine from Eger is on the house!","breadcrumb":{"@id":"https:\/\/romantikhotel.hu\/arak\/#breadcrumb"},"inLanguage":"en-US","potentialAction":[{"@type":"ReadAction","target":["https:\/\/romantikhotel.hu\/arak\/"]}]},{"@type":"BreadcrumbList","@id":"https:\/\/romantikhotel.hu\/arak\/#breadcrumb","itemListElement":[{"@type":"ListItem","position":1,"name":"Kezd\u0151lap","item":"https:\/\/romantikhotel.hu\/"},{"@type":"ListItem","position":2,"name":"Prices"}]},{"@type":"WebSite","@id":"https:\/\/romantikhotel.hu\/#website","url":"https:\/\/romantikhotel.hu\/","name":"Romantik Hotel***","description":"Kikapcsol\u00f3d\u00e1s Eger belv\u00e1ros\u00e1ban","potentialAction":[{"@type":"SearchAction","target":{"@type":"EntryPoint","urlTemplate":"https:\/\/romantikhotel.hu\/?s={search_term_string}"},"query-input":"required name=search_term_string"}],"inLanguage":"en-US"}]}},"_links":{"self":[{"href":"https:\/\/romantikhotel.hu\/en\/wp-json\/wp\/v2\/pages\/1752"}],"collection":[{"href":"https:\/\/romantikhotel.hu\/en\/wp-json\/wp\/v2\/pages"}],"about":[{"href":"https:\/\/romantikhotel.hu\/en\/wp-json\/wp\/v2\/types\/page"}],"author":[{"embeddable":true,"href":"https:\/\/romantikhotel.hu\/en\/wp-json\/wp\/v2\/users\/1"}],"replies":[{"embeddable":true,"href":"https:\/\/romantikhotel.hu\/en\/wp-json\/wp\/v2\/comments?post=1752"}],"version-history":[{"count":9,"href":"https:\/\/romantikhotel.hu\/en\/wp-json\/wp\/v2\/pages\/1752\/revisions"}],"predecessor-version":[{"id":1939,"href":"https:\/\/romantikhotel.hu\/en\/wp-json\/wp\/v2\/pages\/1752\/revisions\/1939"}],"wp:attachment":[{"href":"https:\/\/romantikhotel.hu\/en\/wp-json\/wp\/v2\/media?parent=1752"}],"curies":[{"name":"wp","href":"https:\/\/api.w.org\/{rel}","templated":true}]}}