{"id":1748,"date":"2021-09-10T09:30:32","date_gmt":"2021-09-10T09:30:32","guid":{"rendered":"https:\/\/romantikhotel.hu\/digital-document-reader-viza-system\/"},"modified":"2026-01-05T22:03:29","modified_gmt":"2026-01-05T22:03:29","slug":"digital-document-reader-viza-system","status":"publish","type":"page","link":"https:\/\/romantikhotel.hu\/en\/digital-document-reader-viza-system\/","title":{"rendered":"Digital document reader &#8211; VIZA system"},"content":{"rendered":"\t\t<div data-elementor-type=\"wp-page\" data-elementor-id=\"1748\" class=\"elementor elementor-1748 elementor-1348\">\n\t\t\t\t\t\t<section class=\"elementor-section elementor-top-section elementor-element elementor-element-d3a6f32 elementor-section-boxed elementor-section-height-default elementor-section-height-default\" data-id=\"d3a6f32\" data-element_type=\"section\" data-settings=\"{&quot;jet_parallax_layout_list&quot;:[{&quot;jet_parallax_layout_image&quot;:{&quot;url&quot;:&quot;&quot;,&quot;id&quot;:&quot;&quot;,&quot;size&quot;:&quot;&quot;},&quot;_id&quot;:&quot;1ec2d54&quot;,&quot;jet_parallax_layout_image_tablet&quot;:{&quot;url&quot;:&quot;&quot;,&quot;id&quot;:&quot;&quot;,&quot;size&quot;:&quot;&quot;},&quot;jet_parallax_layout_image_mobile&quot;:{&quot;url&quot;:&quot;&quot;,&quot;id&quot;:&quot;&quot;,&quot;size&quot;:&quot;&quot;},&quot;jet_parallax_layout_speed&quot;:{&quot;unit&quot;:&quot;%&quot;,&quot;size&quot;:50,&quot;sizes&quot;:[]},&quot;jet_parallax_layout_type&quot;:&quot;scroll&quot;,&quot;jet_parallax_layout_direction&quot;:&quot;1&quot;,&quot;jet_parallax_layout_fx_direction&quot;:null,&quot;jet_parallax_layout_z_index&quot;:&quot;&quot;,&quot;jet_parallax_layout_bg_x&quot;:50,&quot;jet_parallax_layout_bg_x_tablet&quot;:&quot;&quot;,&quot;jet_parallax_layout_bg_x_mobile&quot;:&quot;&quot;,&quot;jet_parallax_layout_bg_y&quot;:50,&quot;jet_parallax_layout_bg_y_tablet&quot;:&quot;&quot;,&quot;jet_parallax_layout_bg_y_mobile&quot;:&quot;&quot;,&quot;jet_parallax_layout_bg_size&quot;:&quot;auto&quot;,&quot;jet_parallax_layout_bg_size_tablet&quot;:&quot;&quot;,&quot;jet_parallax_layout_bg_size_mobile&quot;:&quot;&quot;,&quot;jet_parallax_layout_animation_prop&quot;:&quot;transform&quot;,&quot;jet_parallax_layout_on&quot;:[&quot;desktop&quot;,&quot;tablet&quot;]}]}\">\n\t\t\t\t\t\t<div class=\"elementor-container elementor-column-gap-default\">\n\t\t\t\t\t<div class=\"elementor-column elementor-col-100 elementor-top-column elementor-element elementor-element-4a8c5f0\" data-id=\"4a8c5f0\" data-element_type=\"column\">\n\t\t\t<div class=\"elementor-widget-wrap elementor-element-populated\">\n\t\t\t\t\t\t<div class=\"elementor-element elementor-element-6181086 elementor-widget elementor-widget-heading\" data-id=\"6181086\" data-element_type=\"widget\" data-widget_type=\"heading.default\">\n\t\t\t\t<div class=\"elementor-widget-container\">\n\t\t\t<h2 class=\"elementor-heading-title elementor-size-default\">Digital document reader - VIZA system<\/h2>\t\t<\/div>\n\t\t\t\t<\/div>\n\t\t\t\t<div class=\"elementor-element elementor-element-36223d3 elementor-widget elementor-widget-text-editor\" data-id=\"36223d3\" data-element_type=\"widget\" data-widget_type=\"text-editor.default\">\n\t\t\t\t<div class=\"elementor-widget-container\">\n\t\t\t\t\t\t\tPlease be informed that, according to the current government decree on the use of digital document scanners, check-in and room reservation are subject to the hotel handing over to the reception upon arrival the photo identification documents (identity card, address card or passport, address card) of the persons using the accommodation service, and the hotel recording them with a digital document scanner.<br><br>All guests must present photo identification and address cards on arrival for identification purposes, including children.<br><br>According to the legislation in force, if the guest fails to present the identification document for scanning, the accommodation provider will refuse to provide the accommodation. The accommodation provider is obliged to transmit data to VIZA from 1 September 2021.<br><br>In the event that the accommodation provider refuses the stay due to legal requirements, the hotel will be entitled to the payment of the penalty, cancellation or modification amount indicated in the confirmation.\t\t\t\t\t\t<\/div>\n\t\t\t\t<\/div>\n\t\t\t\t\t<\/div>\n\t\t<\/div>\n\t\t\t\t\t<\/div>\n\t\t<\/section>\n\t\t\t\t<\/div>\n\t\t","protected":false},"excerpt":{"rendered":"<p>Digital document reader &#8211; VIZA system Please be informed that, according to the current government decree on the use of digital document scanners, check-in and room reservation are subject to the hotel handing over to the reception upon arrival the photo identification documents (identity card, address card or passport, address card) of the persons using [&hellip;]<\/p>\n","protected":false},"author":1,"featured_media":0,"parent":0,"menu_order":0,"comment_status":"closed","ping_status":"closed","template":"","meta":[],"acf":[],"yoast_head":"<!-- This site is optimized with the Yoast SEO plugin v21.1 - https:\/\/yoast.com\/wordpress\/plugins\/seo\/ -->\n<title>Digital document reader - VIZA system - Romantik Hotel***<\/title>\n<meta name=\"robots\" content=\"index, follow, max-snippet:-1, max-image-preview:large, max-video-preview:-1\" \/>\n<link rel=\"canonical\" href=\"https:\/\/romantikhotel.hu\/digitalis-okmanyolvaso-viza-rendszer\/\" \/>\n<meta property=\"og:locale\" content=\"en_US\" \/>\n<meta property=\"og:type\" content=\"article\" \/>\n<meta property=\"og:title\" content=\"Digital document reader - VIZA system - Romantik Hotel***\" \/>\n<meta property=\"og:description\" content=\"Digital document reader &#8211; VIZA system Please be informed that, according to the current government decree on the use of digital document scanners, check-in and room reservation are subject to the hotel handing over to the reception upon arrival the photo identification documents (identity card, address card or passport, address card) of the persons using [&hellip;]\" \/>\n<meta property=\"og:url\" content=\"https:\/\/romantikhotel.hu\/digitalis-okmanyolvaso-viza-rendszer\/\" \/>\n<meta property=\"og:site_name\" content=\"Romantik Hotel***\" \/>\n<meta property=\"article:modified_time\" content=\"2026-01-05T22:03:29+00:00\" \/>\n<meta name=\"twitter:card\" content=\"summary_large_image\" \/>\n<meta name=\"twitter:label1\" content=\"Est. reading time\" \/>\n\t<meta name=\"twitter:data1\" content=\"1 minute\" \/>\n<script type=\"application\/ld+json\" class=\"yoast-schema-graph\">{\"@context\":\"https:\/\/schema.org\",\"@graph\":[{\"@type\":\"WebPage\",\"@id\":\"https:\/\/romantikhotel.hu\/digitalis-okmanyolvaso-viza-rendszer\/\",\"url\":\"https:\/\/romantikhotel.hu\/digitalis-okmanyolvaso-viza-rendszer\/\",\"name\":\"Digital document reader - VIZA system - Romantik Hotel***\",\"isPartOf\":{\"@id\":\"https:\/\/romantikhotel.hu\/#website\"},\"datePublished\":\"2021-09-10T09:30:32+00:00\",\"dateModified\":\"2026-01-05T22:03:29+00:00\",\"breadcrumb\":{\"@id\":\"https:\/\/romantikhotel.hu\/digitalis-okmanyolvaso-viza-rendszer\/#breadcrumb\"},\"inLanguage\":\"en-US\",\"potentialAction\":[{\"@type\":\"ReadAction\",\"target\":[\"https:\/\/romantikhotel.hu\/digitalis-okmanyolvaso-viza-rendszer\/\"]}]},{\"@type\":\"BreadcrumbList\",\"@id\":\"https:\/\/romantikhotel.hu\/digitalis-okmanyolvaso-viza-rendszer\/#breadcrumb\",\"itemListElement\":[{\"@type\":\"ListItem\",\"position\":1,\"name\":\"Kezd\u0151lap\",\"item\":\"https:\/\/romantikhotel.hu\/\"},{\"@type\":\"ListItem\",\"position\":2,\"name\":\"Digital document reader &#8211; VIZA system\"}]},{\"@type\":\"WebSite\",\"@id\":\"https:\/\/romantikhotel.hu\/#website\",\"url\":\"https:\/\/romantikhotel.hu\/\",\"name\":\"Romantik Hotel***\",\"description\":\"Kikapcsol\u00f3d\u00e1s Eger belv\u00e1ros\u00e1ban\",\"potentialAction\":[{\"@type\":\"SearchAction\",\"target\":{\"@type\":\"EntryPoint\",\"urlTemplate\":\"https:\/\/romantikhotel.hu\/?s={search_term_string}\"},\"query-input\":\"required name=search_term_string\"}],\"inLanguage\":\"en-US\"}]}<\/script>\n<!-- \/ Yoast SEO plugin. -->","yoast_head_json":{"title":"Digital document reader - VIZA system - Romantik Hotel***","robots":{"index":"index","follow":"follow","max-snippet":"max-snippet:-1","max-image-preview":"max-image-preview:large","max-video-preview":"max-video-preview:-1"},"canonical":"https:\/\/romantikhotel.hu\/digitalis-okmanyolvaso-viza-rendszer\/","og_locale":"en_US","og_type":"article","og_title":"Digital document reader - VIZA system - Romantik Hotel***","og_description":"Digital document reader &#8211; VIZA system Please be informed that, according to the current government decree on the use of digital document scanners, check-in and room reservation are subject to the hotel handing over to the reception upon arrival the photo identification documents (identity card, address card or passport, address card) of the persons using [&hellip;]","og_url":"https:\/\/romantikhotel.hu\/digitalis-okmanyolvaso-viza-rendszer\/","og_site_name":"Romantik Hotel***","article_modified_time":"2026-01-05T22:03:29+00:00","twitter_card":"summary_large_image","twitter_misc":{"Est. reading time":"1 minute"},"schema":{"@context":"https:\/\/schema.org","@graph":[{"@type":"WebPage","@id":"https:\/\/romantikhotel.hu\/digitalis-okmanyolvaso-viza-rendszer\/","url":"https:\/\/romantikhotel.hu\/digitalis-okmanyolvaso-viza-rendszer\/","name":"Digital document reader - VIZA system - Romantik Hotel***","isPartOf":{"@id":"https:\/\/romantikhotel.hu\/#website"},"datePublished":"2021-09-10T09:30:32+00:00","dateModified":"2026-01-05T22:03:29+00:00","breadcrumb":{"@id":"https:\/\/romantikhotel.hu\/digitalis-okmanyolvaso-viza-rendszer\/#breadcrumb"},"inLanguage":"en-US","potentialAction":[{"@type":"ReadAction","target":["https:\/\/romantikhotel.hu\/digitalis-okmanyolvaso-viza-rendszer\/"]}]},{"@type":"BreadcrumbList","@id":"https:\/\/romantikhotel.hu\/digitalis-okmanyolvaso-viza-rendszer\/#breadcrumb","itemListElement":[{"@type":"ListItem","position":1,"name":"Kezd\u0151lap","item":"https:\/\/romantikhotel.hu\/"},{"@type":"ListItem","position":2,"name":"Digital document reader &#8211; VIZA system"}]},{"@type":"WebSite","@id":"https:\/\/romantikhotel.hu\/#website","url":"https:\/\/romantikhotel.hu\/","name":"Romantik Hotel***","description":"Kikapcsol\u00f3d\u00e1s Eger belv\u00e1ros\u00e1ban","potentialAction":[{"@type":"SearchAction","target":{"@type":"EntryPoint","urlTemplate":"https:\/\/romantikhotel.hu\/?s={search_term_string}"},"query-input":"required name=search_term_string"}],"inLanguage":"en-US"}]}},"_links":{"self":[{"href":"https:\/\/romantikhotel.hu\/en\/wp-json\/wp\/v2\/pages\/1748"}],"collection":[{"href":"https:\/\/romantikhotel.hu\/en\/wp-json\/wp\/v2\/pages"}],"about":[{"href":"https:\/\/romantikhotel.hu\/en\/wp-json\/wp\/v2\/types\/page"}],"author":[{"embeddable":true,"href":"https:\/\/romantikhotel.hu\/en\/wp-json\/wp\/v2\/users\/1"}],"replies":[{"embeddable":true,"href":"https:\/\/romantikhotel.hu\/en\/wp-json\/wp\/v2\/comments?post=1748"}],"version-history":[{"count":2,"href":"https:\/\/romantikhotel.hu\/en\/wp-json\/wp\/v2\/pages\/1748\/revisions"}],"predecessor-version":[{"id":1923,"href":"https:\/\/romantikhotel.hu\/en\/wp-json\/wp\/v2\/pages\/1748\/revisions\/1923"}],"wp:attachment":[{"href":"https:\/\/romantikhotel.hu\/en\/wp-json\/wp\/v2\/media?parent=1748"}],"curies":[{"name":"wp","href":"https:\/\/api.w.org\/{rel}","templated":true}]}}