{"id":1746,"date":"2021-07-07T14:20:53","date_gmt":"2021-07-07T14:20:53","guid":{"rendered":"https:\/\/romantikhotel.hu\/booking-and-cancellation-conditions\/"},"modified":"2026-01-05T22:01:22","modified_gmt":"2026-01-05T22:01:22","slug":"booking-and-cancellation-conditions","status":"publish","type":"page","link":"https:\/\/romantikhotel.hu\/en\/booking-and-cancellation-conditions\/","title":{"rendered":"Booking and cancellation conditions"},"content":{"rendered":"\t\t<div data-elementor-type=\"wp-page\" data-elementor-id=\"1746\" class=\"elementor elementor-1746 elementor-1158\">\n\t\t\t\t\t\t<section class=\"elementor-section elementor-top-section elementor-element elementor-element-5cc3ec29 elementor-section-boxed elementor-section-height-default elementor-section-height-default\" data-id=\"5cc3ec29\" data-element_type=\"section\" data-settings=\"{&quot;jet_parallax_layout_list&quot;:[{&quot;jet_parallax_layout_image&quot;:{&quot;url&quot;:&quot;&quot;,&quot;id&quot;:&quot;&quot;,&quot;size&quot;:&quot;&quot;},&quot;_id&quot;:&quot;c544a70&quot;,&quot;jet_parallax_layout_speed&quot;:{&quot;unit&quot;:&quot;%&quot;,&quot;size&quot;:&quot;50&quot;,&quot;sizes&quot;:[]},&quot;jet_parallax_layout_bg_x&quot;:&quot;50&quot;,&quot;jet_parallax_layout_bg_y&quot;:&quot;50&quot;,&quot;jet_parallax_layout_image_tablet&quot;:{&quot;url&quot;:&quot;&quot;,&quot;id&quot;:&quot;&quot;,&quot;size&quot;:&quot;&quot;},&quot;jet_parallax_layout_image_mobile&quot;:{&quot;url&quot;:&quot;&quot;,&quot;id&quot;:&quot;&quot;,&quot;size&quot;:&quot;&quot;},&quot;jet_parallax_layout_type&quot;:&quot;scroll&quot;,&quot;jet_parallax_layout_direction&quot;:&quot;1&quot;,&quot;jet_parallax_layout_fx_direction&quot;:null,&quot;jet_parallax_layout_z_index&quot;:&quot;&quot;,&quot;jet_parallax_layout_bg_x_tablet&quot;:&quot;&quot;,&quot;jet_parallax_layout_bg_x_mobile&quot;:&quot;&quot;,&quot;jet_parallax_layout_bg_y_tablet&quot;:&quot;&quot;,&quot;jet_parallax_layout_bg_y_mobile&quot;:&quot;&quot;,&quot;jet_parallax_layout_bg_size&quot;:&quot;auto&quot;,&quot;jet_parallax_layout_bg_size_tablet&quot;:&quot;&quot;,&quot;jet_parallax_layout_bg_size_mobile&quot;:&quot;&quot;,&quot;jet_parallax_layout_animation_prop&quot;:&quot;transform&quot;,&quot;jet_parallax_layout_on&quot;:[&quot;desktop&quot;,&quot;tablet&quot;]}]}\">\n\t\t\t\t\t\t<div class=\"elementor-container elementor-column-gap-default\">\n\t\t\t\t\t<div class=\"elementor-column elementor-col-100 elementor-top-column elementor-element elementor-element-8c0dcc0\" data-id=\"8c0dcc0\" data-element_type=\"column\">\n\t\t\t<div class=\"elementor-widget-wrap elementor-element-populated\">\n\t\t\t\t\t\t<div class=\"elementor-element elementor-element-3a6b4a2a elementor-widget elementor-widget-heading\" data-id=\"3a6b4a2a\" data-element_type=\"widget\" data-widget_type=\"heading.default\">\n\t\t\t\t<div class=\"elementor-widget-container\">\n\t\t\t<h2 class=\"elementor-heading-title elementor-size-default\">Booking and cancellation conditions<\/h2>\t\t<\/div>\n\t\t\t\t<\/div>\n\t\t\t\t<div class=\"elementor-element elementor-element-c15f60b elementor-widget elementor-widget-spacer\" data-id=\"c15f60b\" data-element_type=\"widget\" data-widget_type=\"spacer.default\">\n\t\t\t\t<div class=\"elementor-widget-container\">\n\t\t\t\t\t<div class=\"elementor-spacer\">\n\t\t\t<div class=\"elementor-spacer-inner\"><\/div>\n\t\t<\/div>\n\t\t\t\t<\/div>\n\t\t\t\t<\/div>\n\t\t\t\t<div class=\"elementor-element elementor-element-404d737d elementor-widget elementor-widget-text-editor\" data-id=\"404d737d\" data-element_type=\"widget\" data-widget_type=\"text-editor.default\">\n\t\t\t\t<div class=\"elementor-widget-container\">\n\t\t\t\t\t\t\t<p>Arrival: from 14.00, Reception open 24 hours<\/p>\n<p>Departure: until 11.00 a.m.<\/p>\n<p>Languages spoken: English, German<\/p>\n<p>Cancellation:<\/p>\n<p>Cancellation 3 days before arrival without penalty!<\/p>\n<p>Accepted means of payment:<\/p>\n<p>Bank card, Cash, SZ\u00c9P card accepted OTP, MKB, K&amp;H (Leisure, Hospitality, Accommodation)<\/p>\n<p>Accepted card types:<\/p>\n<p>&nbsp;<\/p>\n<p>Tourist tax: not included in the price, 750 HUF\/person\/night (payable over 18 years)<\/p>\n<p>Pets: Small pets only, on request, please specify when booking! Pets may be accommodated at extra cost!<\/p>\n\t\t\t\t\t\t<\/div>\n\t\t\t\t<\/div>\n\t\t\t\t\t<\/div>\n\t\t<\/div>\n\t\t\t\t\t<\/div>\n\t\t<\/section>\n\t\t\t\t<\/div>\n\t\t","protected":false},"excerpt":{"rendered":"<p>Booking and cancellation conditions Arrival: from 14.00, Reception open 24 hours Departure: until 11.00 a.m. Languages spoken: English, German Cancellation: Cancellation 3 days before arrival without penalty! Accepted means of payment: Bank card, Cash, SZ\u00c9P card accepted OTP, MKB, K&amp;H (Leisure, Hospitality, Accommodation) Accepted card types: &nbsp; Tourist tax: not included in the price, 750 [&hellip;]<\/p>\n","protected":false},"author":1,"featured_media":0,"parent":0,"menu_order":0,"comment_status":"closed","ping_status":"closed","template":"","meta":[],"acf":[],"yoast_head":"<!-- This site is optimized with the Yoast SEO plugin v21.1 - https:\/\/yoast.com\/wordpress\/plugins\/seo\/ -->\n<title>Booking and cancellation conditions - Romantik Hotel***<\/title>\n<meta name=\"robots\" content=\"index, follow, max-snippet:-1, max-image-preview:large, max-video-preview:-1\" \/>\n<link rel=\"canonical\" href=\"https:\/\/romantikhotel.hu\/foglalasi-es-lemondasi-feltetelek\/\" \/>\n<meta property=\"og:locale\" content=\"en_US\" \/>\n<meta property=\"og:type\" content=\"article\" \/>\n<meta property=\"og:title\" content=\"Booking and cancellation conditions - Romantik Hotel***\" \/>\n<meta property=\"og:description\" content=\"Booking and cancellation conditions Arrival: from 14.00, Reception open 24 hours Departure: until 11.00 a.m. Languages spoken: English, German Cancellation: Cancellation 3 days before arrival without penalty! Accepted means of payment: Bank card, Cash, SZ\u00c9P card accepted OTP, MKB, K&amp;H (Leisure, Hospitality, Accommodation) Accepted card types: &nbsp; Tourist tax: not included in the price, 750 [&hellip;]\" \/>\n<meta property=\"og:url\" content=\"https:\/\/romantikhotel.hu\/foglalasi-es-lemondasi-feltetelek\/\" \/>\n<meta property=\"og:site_name\" content=\"Romantik Hotel***\" \/>\n<meta property=\"article:modified_time\" content=\"2026-01-05T22:01:22+00:00\" \/>\n<meta name=\"twitter:card\" content=\"summary_large_image\" \/>\n<script type=\"application\/ld+json\" class=\"yoast-schema-graph\">{\"@context\":\"https:\/\/schema.org\",\"@graph\":[{\"@type\":\"WebPage\",\"@id\":\"https:\/\/romantikhotel.hu\/foglalasi-es-lemondasi-feltetelek\/\",\"url\":\"https:\/\/romantikhotel.hu\/foglalasi-es-lemondasi-feltetelek\/\",\"name\":\"Booking and cancellation conditions - Romantik Hotel***\",\"isPartOf\":{\"@id\":\"https:\/\/romantikhotel.hu\/#website\"},\"datePublished\":\"2021-07-07T14:20:53+00:00\",\"dateModified\":\"2026-01-05T22:01:22+00:00\",\"breadcrumb\":{\"@id\":\"https:\/\/romantikhotel.hu\/foglalasi-es-lemondasi-feltetelek\/#breadcrumb\"},\"inLanguage\":\"en-US\",\"potentialAction\":[{\"@type\":\"ReadAction\",\"target\":[\"https:\/\/romantikhotel.hu\/foglalasi-es-lemondasi-feltetelek\/\"]}]},{\"@type\":\"BreadcrumbList\",\"@id\":\"https:\/\/romantikhotel.hu\/foglalasi-es-lemondasi-feltetelek\/#breadcrumb\",\"itemListElement\":[{\"@type\":\"ListItem\",\"position\":1,\"name\":\"Kezd\u0151lap\",\"item\":\"https:\/\/romantikhotel.hu\/\"},{\"@type\":\"ListItem\",\"position\":2,\"name\":\"Booking and cancellation conditions\"}]},{\"@type\":\"WebSite\",\"@id\":\"https:\/\/romantikhotel.hu\/#website\",\"url\":\"https:\/\/romantikhotel.hu\/\",\"name\":\"Romantik Hotel***\",\"description\":\"Kikapcsol\u00f3d\u00e1s Eger belv\u00e1ros\u00e1ban\",\"potentialAction\":[{\"@type\":\"SearchAction\",\"target\":{\"@type\":\"EntryPoint\",\"urlTemplate\":\"https:\/\/romantikhotel.hu\/?s={search_term_string}\"},\"query-input\":\"required name=search_term_string\"}],\"inLanguage\":\"en-US\"}]}<\/script>\n<!-- \/ Yoast SEO plugin. -->","yoast_head_json":{"title":"Booking and cancellation conditions - Romantik Hotel***","robots":{"index":"index","follow":"follow","max-snippet":"max-snippet:-1","max-image-preview":"max-image-preview:large","max-video-preview":"max-video-preview:-1"},"canonical":"https:\/\/romantikhotel.hu\/foglalasi-es-lemondasi-feltetelek\/","og_locale":"en_US","og_type":"article","og_title":"Booking and cancellation conditions - Romantik Hotel***","og_description":"Booking and cancellation conditions Arrival: from 14.00, Reception open 24 hours Departure: until 11.00 a.m. Languages spoken: English, German Cancellation: Cancellation 3 days before arrival without penalty! Accepted means of payment: Bank card, Cash, SZ\u00c9P card accepted OTP, MKB, K&amp;H (Leisure, Hospitality, Accommodation) Accepted card types: &nbsp; Tourist tax: not included in the price, 750 [&hellip;]","og_url":"https:\/\/romantikhotel.hu\/foglalasi-es-lemondasi-feltetelek\/","og_site_name":"Romantik Hotel***","article_modified_time":"2026-01-05T22:01:22+00:00","twitter_card":"summary_large_image","schema":{"@context":"https:\/\/schema.org","@graph":[{"@type":"WebPage","@id":"https:\/\/romantikhotel.hu\/foglalasi-es-lemondasi-feltetelek\/","url":"https:\/\/romantikhotel.hu\/foglalasi-es-lemondasi-feltetelek\/","name":"Booking and cancellation conditions - Romantik Hotel***","isPartOf":{"@id":"https:\/\/romantikhotel.hu\/#website"},"datePublished":"2021-07-07T14:20:53+00:00","dateModified":"2026-01-05T22:01:22+00:00","breadcrumb":{"@id":"https:\/\/romantikhotel.hu\/foglalasi-es-lemondasi-feltetelek\/#breadcrumb"},"inLanguage":"en-US","potentialAction":[{"@type":"ReadAction","target":["https:\/\/romantikhotel.hu\/foglalasi-es-lemondasi-feltetelek\/"]}]},{"@type":"BreadcrumbList","@id":"https:\/\/romantikhotel.hu\/foglalasi-es-lemondasi-feltetelek\/#breadcrumb","itemListElement":[{"@type":"ListItem","position":1,"name":"Kezd\u0151lap","item":"https:\/\/romantikhotel.hu\/"},{"@type":"ListItem","position":2,"name":"Booking and cancellation conditions"}]},{"@type":"WebSite","@id":"https:\/\/romantikhotel.hu\/#website","url":"https:\/\/romantikhotel.hu\/","name":"Romantik Hotel***","description":"Kikapcsol\u00f3d\u00e1s Eger belv\u00e1ros\u00e1ban","potentialAction":[{"@type":"SearchAction","target":{"@type":"EntryPoint","urlTemplate":"https:\/\/romantikhotel.hu\/?s={search_term_string}"},"query-input":"required name=search_term_string"}],"inLanguage":"en-US"}]}},"_links":{"self":[{"href":"https:\/\/romantikhotel.hu\/en\/wp-json\/wp\/v2\/pages\/1746"}],"collection":[{"href":"https:\/\/romantikhotel.hu\/en\/wp-json\/wp\/v2\/pages"}],"about":[{"href":"https:\/\/romantikhotel.hu\/en\/wp-json\/wp\/v2\/types\/page"}],"author":[{"embeddable":true,"href":"https:\/\/romantikhotel.hu\/en\/wp-json\/wp\/v2\/users\/1"}],"replies":[{"embeddable":true,"href":"https:\/\/romantikhotel.hu\/en\/wp-json\/wp\/v2\/comments?post=1746"}],"version-history":[{"count":3,"href":"https:\/\/romantikhotel.hu\/en\/wp-json\/wp\/v2\/pages\/1746\/revisions"}],"predecessor-version":[{"id":1920,"href":"https:\/\/romantikhotel.hu\/en\/wp-json\/wp\/v2\/pages\/1746\/revisions\/1920"}],"wp:attachment":[{"href":"https:\/\/romantikhotel.hu\/en\/wp-json\/wp\/v2\/media?parent=1746"}],"curies":[{"name":"wp","href":"https:\/\/api.w.org\/{rel}","templated":true}]}}