{"id":1740,"date":"2021-07-07T13:59:49","date_gmt":"2021-07-07T13:59:49","guid":{"rendered":"https:\/\/romantikhotel.hu\/impressum\/"},"modified":"2026-01-05T22:05:57","modified_gmt":"2026-01-05T22:05:57","slug":"impressum","status":"publish","type":"page","link":"https:\/\/romantikhotel.hu\/en\/impressum\/","title":{"rendered":"Impressum"},"content":{"rendered":"\t\t<div data-elementor-type=\"wp-page\" data-elementor-id=\"1740\" class=\"elementor elementor-1740 elementor-1128\">\n\t\t\t\t\t\t<section class=\"elementor-section elementor-top-section elementor-element elementor-element-51228502 elementor-section-boxed elementor-section-height-default elementor-section-height-default\" data-id=\"51228502\" data-element_type=\"section\" data-settings=\"{&quot;jet_parallax_layout_list&quot;:[{&quot;jet_parallax_layout_image&quot;:{&quot;url&quot;:&quot;&quot;,&quot;id&quot;:&quot;&quot;,&quot;size&quot;:&quot;&quot;},&quot;_id&quot;:&quot;c544a70&quot;,&quot;jet_parallax_layout_speed&quot;:{&quot;unit&quot;:&quot;%&quot;,&quot;size&quot;:&quot;50&quot;,&quot;sizes&quot;:[]},&quot;jet_parallax_layout_bg_x&quot;:&quot;50&quot;,&quot;jet_parallax_layout_bg_y&quot;:&quot;50&quot;,&quot;jet_parallax_layout_image_tablet&quot;:{&quot;url&quot;:&quot;&quot;,&quot;id&quot;:&quot;&quot;,&quot;size&quot;:&quot;&quot;},&quot;jet_parallax_layout_image_mobile&quot;:{&quot;url&quot;:&quot;&quot;,&quot;id&quot;:&quot;&quot;,&quot;size&quot;:&quot;&quot;},&quot;jet_parallax_layout_type&quot;:&quot;scroll&quot;,&quot;jet_parallax_layout_direction&quot;:&quot;1&quot;,&quot;jet_parallax_layout_fx_direction&quot;:null,&quot;jet_parallax_layout_z_index&quot;:&quot;&quot;,&quot;jet_parallax_layout_bg_x_tablet&quot;:&quot;&quot;,&quot;jet_parallax_layout_bg_x_mobile&quot;:&quot;&quot;,&quot;jet_parallax_layout_bg_y_tablet&quot;:&quot;&quot;,&quot;jet_parallax_layout_bg_y_mobile&quot;:&quot;&quot;,&quot;jet_parallax_layout_bg_size&quot;:&quot;auto&quot;,&quot;jet_parallax_layout_bg_size_tablet&quot;:&quot;&quot;,&quot;jet_parallax_layout_bg_size_mobile&quot;:&quot;&quot;,&quot;jet_parallax_layout_animation_prop&quot;:&quot;transform&quot;,&quot;jet_parallax_layout_on&quot;:[&quot;desktop&quot;,&quot;tablet&quot;]}]}\">\n\t\t\t\t\t\t<div class=\"elementor-container elementor-column-gap-default\">\n\t\t\t\t\t<div class=\"elementor-column elementor-col-100 elementor-top-column elementor-element elementor-element-2f8f4520\" data-id=\"2f8f4520\" data-element_type=\"column\">\n\t\t\t<div class=\"elementor-widget-wrap elementor-element-populated\">\n\t\t\t\t\t\t<div class=\"elementor-element elementor-element-6e6c4437 elementor-widget elementor-widget-heading\" data-id=\"6e6c4437\" data-element_type=\"widget\" data-widget_type=\"heading.default\">\n\t\t\t\t<div class=\"elementor-widget-container\">\n\t\t\t<h2 class=\"elementor-heading-title elementor-size-default\">Impressum<\/h2>\t\t<\/div>\n\t\t\t\t<\/div>\n\t\t\t\t<div class=\"elementor-element elementor-element-99fa6ac elementor-widget elementor-widget-spacer\" data-id=\"99fa6ac\" data-element_type=\"widget\" data-widget_type=\"spacer.default\">\n\t\t\t\t<div class=\"elementor-widget-container\">\n\t\t\t\t\t<div class=\"elementor-spacer\">\n\t\t\t<div class=\"elementor-spacer-inner\"><\/div>\n\t\t<\/div>\n\t\t\t\t<\/div>\n\t\t\t\t<\/div>\n\t\t\t\t<div class=\"elementor-element elementor-element-3d73eecf elementor-widget elementor-widget-text-editor\" data-id=\"3d73eecf\" data-element_type=\"widget\" data-widget_type=\"text-editor.default\">\n\t\t\t\t<div class=\"elementor-widget-container\">\n\t\t\t\t\t\t\t<p>Hotel Romantik Eger<\/p>\n<p>Operated by Istv\u00e1n Kovalkovits E.V.<\/p>\n<p>Eng.no.: EV-325902<\/p>\n<p>Tax number: 47924811-2-30<\/p>\n<p>Address: 3300 Eger, Csiky S\u00e1ndor utca 26.<\/p>\n<p>Phone: +36 36 310 456 (RECEPTION)<\/p>\n<p>NTAK registration number: SZ-19000749<\/p>\n<p>M.eng.no.: 25035\/97<\/p>\n\t\t\t\t\t\t<\/div>\n\t\t\t\t<\/div>\n\t\t\t\t\t<\/div>\n\t\t<\/div>\n\t\t\t\t\t<\/div>\n\t\t<\/section>\n\t\t\t\t<\/div>\n\t\t","protected":false},"excerpt":{"rendered":"<p>Impressum Hotel Romantik Eger Operated by Istv\u00e1n Kovalkovits E.V. Eng.no.: EV-325902 Tax number: 47924811-2-30 Address: 3300 Eger, Csiky S\u00e1ndor utca 26. Phone: +36 36 310 456 (RECEPTION) NTAK registration number: SZ-19000749 M.eng.no.: 25035\/97<\/p>\n","protected":false},"author":1,"featured_media":0,"parent":0,"menu_order":0,"comment_status":"closed","ping_status":"closed","template":"","meta":[],"acf":[],"yoast_head":"<!-- This site is optimized with the Yoast SEO plugin v21.1 - https:\/\/yoast.com\/wordpress\/plugins\/seo\/ -->\n<title>Impressum - Romantik Hotel***<\/title>\n<meta name=\"robots\" content=\"index, follow, max-snippet:-1, max-image-preview:large, max-video-preview:-1\" \/>\n<link rel=\"canonical\" href=\"https:\/\/romantikhotel.hu\/impresszum\/\" \/>\n<meta property=\"og:locale\" content=\"en_US\" \/>\n<meta property=\"og:type\" content=\"article\" \/>\n<meta property=\"og:title\" content=\"Impressum - Romantik Hotel***\" \/>\n<meta property=\"og:description\" content=\"Impressum Hotel Romantik Eger Operated by Istv\u00e1n Kovalkovits E.V. Eng.no.: EV-325902 Tax number: 47924811-2-30 Address: 3300 Eger, Csiky S\u00e1ndor utca 26. Phone: +36 36 310 456 (RECEPTION) NTAK registration number: SZ-19000749 M.eng.no.: 25035\/97\" \/>\n<meta property=\"og:url\" content=\"https:\/\/romantikhotel.hu\/impresszum\/\" \/>\n<meta property=\"og:site_name\" content=\"Romantik Hotel***\" \/>\n<meta property=\"article:modified_time\" content=\"2026-01-05T22:05:57+00:00\" \/>\n<meta name=\"twitter:card\" content=\"summary_large_image\" \/>\n<script type=\"application\/ld+json\" class=\"yoast-schema-graph\">{\"@context\":\"https:\/\/schema.org\",\"@graph\":[{\"@type\":\"WebPage\",\"@id\":\"https:\/\/romantikhotel.hu\/impresszum\/\",\"url\":\"https:\/\/romantikhotel.hu\/impresszum\/\",\"name\":\"Impressum - Romantik Hotel***\",\"isPartOf\":{\"@id\":\"https:\/\/romantikhotel.hu\/#website\"},\"datePublished\":\"2021-07-07T13:59:49+00:00\",\"dateModified\":\"2026-01-05T22:05:57+00:00\",\"breadcrumb\":{\"@id\":\"https:\/\/romantikhotel.hu\/impresszum\/#breadcrumb\"},\"inLanguage\":\"en-US\",\"potentialAction\":[{\"@type\":\"ReadAction\",\"target\":[\"https:\/\/romantikhotel.hu\/impresszum\/\"]}]},{\"@type\":\"BreadcrumbList\",\"@id\":\"https:\/\/romantikhotel.hu\/impresszum\/#breadcrumb\",\"itemListElement\":[{\"@type\":\"ListItem\",\"position\":1,\"name\":\"Kezd\u0151lap\",\"item\":\"https:\/\/romantikhotel.hu\/\"},{\"@type\":\"ListItem\",\"position\":2,\"name\":\"Impressum\"}]},{\"@type\":\"WebSite\",\"@id\":\"https:\/\/romantikhotel.hu\/#website\",\"url\":\"https:\/\/romantikhotel.hu\/\",\"name\":\"Romantik Hotel***\",\"description\":\"Kikapcsol\u00f3d\u00e1s Eger belv\u00e1ros\u00e1ban\",\"potentialAction\":[{\"@type\":\"SearchAction\",\"target\":{\"@type\":\"EntryPoint\",\"urlTemplate\":\"https:\/\/romantikhotel.hu\/?s={search_term_string}\"},\"query-input\":\"required name=search_term_string\"}],\"inLanguage\":\"en-US\"}]}<\/script>\n<!-- \/ Yoast SEO plugin. -->","yoast_head_json":{"title":"Impressum - Romantik Hotel***","robots":{"index":"index","follow":"follow","max-snippet":"max-snippet:-1","max-image-preview":"max-image-preview:large","max-video-preview":"max-video-preview:-1"},"canonical":"https:\/\/romantikhotel.hu\/impresszum\/","og_locale":"en_US","og_type":"article","og_title":"Impressum - Romantik Hotel***","og_description":"Impressum Hotel Romantik Eger Operated by Istv\u00e1n Kovalkovits E.V. Eng.no.: EV-325902 Tax number: 47924811-2-30 Address: 3300 Eger, Csiky S\u00e1ndor utca 26. Phone: +36 36 310 456 (RECEPTION) NTAK registration number: SZ-19000749 M.eng.no.: 25035\/97","og_url":"https:\/\/romantikhotel.hu\/impresszum\/","og_site_name":"Romantik Hotel***","article_modified_time":"2026-01-05T22:05:57+00:00","twitter_card":"summary_large_image","schema":{"@context":"https:\/\/schema.org","@graph":[{"@type":"WebPage","@id":"https:\/\/romantikhotel.hu\/impresszum\/","url":"https:\/\/romantikhotel.hu\/impresszum\/","name":"Impressum - Romantik Hotel***","isPartOf":{"@id":"https:\/\/romantikhotel.hu\/#website"},"datePublished":"2021-07-07T13:59:49+00:00","dateModified":"2026-01-05T22:05:57+00:00","breadcrumb":{"@id":"https:\/\/romantikhotel.hu\/impresszum\/#breadcrumb"},"inLanguage":"en-US","potentialAction":[{"@type":"ReadAction","target":["https:\/\/romantikhotel.hu\/impresszum\/"]}]},{"@type":"BreadcrumbList","@id":"https:\/\/romantikhotel.hu\/impresszum\/#breadcrumb","itemListElement":[{"@type":"ListItem","position":1,"name":"Kezd\u0151lap","item":"https:\/\/romantikhotel.hu\/"},{"@type":"ListItem","position":2,"name":"Impressum"}]},{"@type":"WebSite","@id":"https:\/\/romantikhotel.hu\/#website","url":"https:\/\/romantikhotel.hu\/","name":"Romantik Hotel***","description":"Kikapcsol\u00f3d\u00e1s Eger belv\u00e1ros\u00e1ban","potentialAction":[{"@type":"SearchAction","target":{"@type":"EntryPoint","urlTemplate":"https:\/\/romantikhotel.hu\/?s={search_term_string}"},"query-input":"required name=search_term_string"}],"inLanguage":"en-US"}]}},"_links":{"self":[{"href":"https:\/\/romantikhotel.hu\/en\/wp-json\/wp\/v2\/pages\/1740"}],"collection":[{"href":"https:\/\/romantikhotel.hu\/en\/wp-json\/wp\/v2\/pages"}],"about":[{"href":"https:\/\/romantikhotel.hu\/en\/wp-json\/wp\/v2\/types\/page"}],"author":[{"embeddable":true,"href":"https:\/\/romantikhotel.hu\/en\/wp-json\/wp\/v2\/users\/1"}],"replies":[{"embeddable":true,"href":"https:\/\/romantikhotel.hu\/en\/wp-json\/wp\/v2\/comments?post=1740"}],"version-history":[{"count":2,"href":"https:\/\/romantikhotel.hu\/en\/wp-json\/wp\/v2\/pages\/1740\/revisions"}],"predecessor-version":[{"id":1927,"href":"https:\/\/romantikhotel.hu\/en\/wp-json\/wp\/v2\/pages\/1740\/revisions\/1927"}],"wp:attachment":[{"href":"https:\/\/romantikhotel.hu\/en\/wp-json\/wp\/v2\/media?parent=1740"}],"curies":[{"name":"wp","href":"https:\/\/api.w.org\/{rel}","templated":true}]}}