{"id":1734,"date":"2019-07-08T03:01:51","date_gmt":"2019-07-08T03:01:51","guid":{"rendered":"https:\/\/romantikhotel.hu\/rooms\/"},"modified":"2026-01-05T22:04:16","modified_gmt":"2026-01-05T22:04:16","slug":"rooms","status":"publish","type":"page","link":"https:\/\/romantikhotel.hu\/en\/rooms\/","title":{"rendered":"Rooms"},"content":{"rendered":"\t\t<div data-elementor-type=\"wp-post\" data-elementor-id=\"1734\" class=\"elementor elementor-1734 elementor-474\">\n\t\t\t\t\t\t<section class=\"elementor-section elementor-top-section elementor-element elementor-element-0333e1f elementor-section-boxed elementor-section-height-default elementor-section-height-default\" data-id=\"0333e1f\" data-element_type=\"section\" data-settings=\"{&quot;jet_parallax_layout_list&quot;:[{&quot;jet_parallax_layout_image&quot;:{&quot;url&quot;:&quot;&quot;,&quot;id&quot;:&quot;&quot;,&quot;size&quot;:&quot;&quot;},&quot;_id&quot;:&quot;3c7ca7e&quot;,&quot;jet_parallax_layout_image_tablet&quot;:{&quot;url&quot;:&quot;&quot;,&quot;id&quot;:&quot;&quot;,&quot;size&quot;:&quot;&quot;},&quot;jet_parallax_layout_image_mobile&quot;:{&quot;url&quot;:&quot;&quot;,&quot;id&quot;:&quot;&quot;,&quot;size&quot;:&quot;&quot;},&quot;jet_parallax_layout_speed&quot;:{&quot;unit&quot;:&quot;%&quot;,&quot;size&quot;:50,&quot;sizes&quot;:[]},&quot;jet_parallax_layout_type&quot;:&quot;scroll&quot;,&quot;jet_parallax_layout_direction&quot;:&quot;1&quot;,&quot;jet_parallax_layout_fx_direction&quot;:null,&quot;jet_parallax_layout_z_index&quot;:&quot;&quot;,&quot;jet_parallax_layout_bg_x&quot;:50,&quot;jet_parallax_layout_bg_x_tablet&quot;:&quot;&quot;,&quot;jet_parallax_layout_bg_x_mobile&quot;:&quot;&quot;,&quot;jet_parallax_layout_bg_y&quot;:50,&quot;jet_parallax_layout_bg_y_tablet&quot;:&quot;&quot;,&quot;jet_parallax_layout_bg_y_mobile&quot;:&quot;&quot;,&quot;jet_parallax_layout_bg_size&quot;:&quot;auto&quot;,&quot;jet_parallax_layout_bg_size_tablet&quot;:&quot;&quot;,&quot;jet_parallax_layout_bg_size_mobile&quot;:&quot;&quot;,&quot;jet_parallax_layout_animation_prop&quot;:&quot;transform&quot;,&quot;jet_parallax_layout_on&quot;:[&quot;desktop&quot;,&quot;tablet&quot;]}]}\">\n\t\t\t\t\t\t<div class=\"elementor-container elementor-column-gap-default\">\n\t\t\t\t\t<div class=\"elementor-column elementor-col-100 elementor-top-column elementor-element elementor-element-c371adf\" data-id=\"c371adf\" data-element_type=\"column\">\n\t\t\t<div class=\"elementor-widget-wrap elementor-element-populated\">\n\t\t\t\t\t\t<div class=\"elementor-element elementor-element-9d8e724 elementor-widget elementor-widget-heading\" data-id=\"9d8e724\" data-element_type=\"widget\" data-widget_type=\"heading.default\">\n\t\t\t\t<div class=\"elementor-widget-container\">\n\t\t\t<h2 class=\"elementor-heading-title elementor-size-default\">Rooms<\/h2>\t\t<\/div>\n\t\t\t\t<\/div>\n\t\t\t\t<div class=\"elementor-element elementor-element-1469792 elementor-widget elementor-widget-text-editor\" data-id=\"1469792\" data-element_type=\"widget\" data-widget_type=\"text-editor.default\">\n\t\t\t\t<div class=\"elementor-widget-container\">\n\t\t\t\t\t\t\t<p>Take a look at our rooms and ask us for a quote!<\/p>\n\t\t\t\t\t\t<\/div>\n\t\t\t\t<\/div>\n\t\t\t\t\t<\/div>\n\t\t<\/div>\n\t\t\t\t\t<\/div>\n\t\t<\/section>\n\t\t\t\t<section class=\"elementor-section elementor-top-section elementor-element elementor-element-676b332 elementor-section-boxed elementor-section-height-default elementor-section-height-default\" data-id=\"676b332\" data-element_type=\"section\" data-settings=\"{&quot;jet_parallax_layout_list&quot;:[{&quot;jet_parallax_layout_image&quot;:{&quot;url&quot;:&quot;&quot;,&quot;id&quot;:&quot;&quot;,&quot;size&quot;:&quot;&quot;},&quot;_id&quot;:&quot;c544a70&quot;,&quot;jet_parallax_layout_speed&quot;:{&quot;unit&quot;:&quot;%&quot;,&quot;size&quot;:&quot;50&quot;,&quot;sizes&quot;:[]},&quot;jet_parallax_layout_bg_x&quot;:&quot;50&quot;,&quot;jet_parallax_layout_bg_y&quot;:&quot;50&quot;,&quot;jet_parallax_layout_image_tablet&quot;:{&quot;url&quot;:&quot;&quot;,&quot;id&quot;:&quot;&quot;,&quot;size&quot;:&quot;&quot;},&quot;jet_parallax_layout_image_mobile&quot;:{&quot;url&quot;:&quot;&quot;,&quot;id&quot;:&quot;&quot;,&quot;size&quot;:&quot;&quot;},&quot;jet_parallax_layout_type&quot;:&quot;scroll&quot;,&quot;jet_parallax_layout_direction&quot;:&quot;1&quot;,&quot;jet_parallax_layout_fx_direction&quot;:null,&quot;jet_parallax_layout_z_index&quot;:&quot;&quot;,&quot;jet_parallax_layout_bg_x_tablet&quot;:&quot;&quot;,&quot;jet_parallax_layout_bg_x_mobile&quot;:&quot;&quot;,&quot;jet_parallax_layout_bg_y_tablet&quot;:&quot;&quot;,&quot;jet_parallax_layout_bg_y_mobile&quot;:&quot;&quot;,&quot;jet_parallax_layout_bg_size&quot;:&quot;auto&quot;,&quot;jet_parallax_layout_bg_size_tablet&quot;:&quot;&quot;,&quot;jet_parallax_layout_bg_size_mobile&quot;:&quot;&quot;,&quot;jet_parallax_layout_animation_prop&quot;:&quot;transform&quot;,&quot;jet_parallax_layout_on&quot;:[&quot;desktop&quot;,&quot;tablet&quot;]}]}\">\n\t\t\t\t\t\t<div class=\"elementor-container elementor-column-gap-default\">\n\t\t\t\t\t<div class=\"elementor-column elementor-col-33 elementor-top-column elementor-element elementor-element-01e69b6\" data-id=\"01e69b6\" data-element_type=\"column\">\n\t\t\t<div class=\"elementor-widget-wrap elementor-element-populated\">\n\t\t\t\t\t\t<div class=\"elementor-element elementor-element-4a6c41a8 elementor-widget elementor-widget-jet-carousel\" data-id=\"4a6c41a8\" data-element_type=\"widget\" data-settings=\"{&quot;slides_to_show_tablet&quot;:&quot;1&quot;,&quot;slides_to_show&quot;:&quot;1&quot;,&quot;slides_to_scroll&quot;:&quot;1&quot;}\" data-widget_type=\"jet-carousel.default\">\n\t\t\t\t<div class=\"elementor-widget-container\">\n\t\t\t<div class=\"elementor-jet-carousel jet-elements\"><div class=\"jet-carousel-wrap jet-equal-cols\">\n\t<div class=\"jet-carousel\" data-slider_options=\"{&quot;autoplaySpeed&quot;:5000,&quot;autoplay&quot;:true,&quot;infinite&quot;:true,&quot;centerMode&quot;:false,&quot;centerPadding&quot;:&quot;50px&quot;,&quot;pauseOnHover&quot;:true,&quot;speed&quot;:500,&quot;arrows&quot;:false,&quot;dots&quot;:false,&quot;variableWidth&quot;:false,&quot;prevArrow&quot;:&quot;.jet-carousel__prev-arrow-4a6c41a8&quot;,&quot;nextArrow&quot;:&quot;.jet-carousel__next-arrow-4a6c41a8&quot;,&quot;rtl&quot;:false,&quot;fractionNav&quot;:false,&quot;fade&quot;:false}\" dir=\"ltr\">\n\t<div class=\"elementor-slick-slider\">\n<div class=\"jet-carousel__item\">\n\t<div class=\"jet-carousel__item-inner\">\n\t<figure class=\"jet-banner jet-effect-lily\"><a href=\"https:\/\/romantikhotel.hu\/en\/standard-rooms\/\" class=\"jet-banner__link\"><div class=\"jet-banner__overlay\"><\/div><img decoding=\"async\" src=\"https:\/\/romantikhotel.hu\/wp-content\/uploads\/2021\/06\/FUM5096_web.jpg\" class=\"jet-banner__img\" alt=\"\" loading=\"lazy\"><figcaption class=\"jet-banner__content\"><div class=\"jet-banner__content-wrap\"><h5 class=\"jet-banner__title\">Standard rooms<\/h5><\/div><\/figcaption><\/a><\/figure>\n\t<\/div>\n<\/div><\/div><\/div>\n<\/div>\n<\/div>\t\t<\/div>\n\t\t\t\t<\/div>\n\t\t\t\t<div class=\"elementor-element elementor-element-1637077 elementor-widget elementor-widget-jet-carousel\" data-id=\"1637077\" data-element_type=\"widget\" data-settings=\"{&quot;slides_to_show_tablet&quot;:&quot;1&quot;,&quot;slides_to_show&quot;:&quot;1&quot;,&quot;slides_to_scroll&quot;:&quot;1&quot;}\" data-widget_type=\"jet-carousel.default\">\n\t\t\t\t<div class=\"elementor-widget-container\">\n\t\t\t<div class=\"elementor-jet-carousel jet-elements\"><div class=\"jet-carousel-wrap jet-equal-cols\">\n\t<div class=\"jet-carousel\" data-slider_options=\"{&quot;autoplaySpeed&quot;:5000,&quot;autoplay&quot;:true,&quot;infinite&quot;:true,&quot;centerMode&quot;:false,&quot;centerPadding&quot;:&quot;50px&quot;,&quot;pauseOnHover&quot;:true,&quot;speed&quot;:500,&quot;arrows&quot;:false,&quot;dots&quot;:false,&quot;variableWidth&quot;:false,&quot;prevArrow&quot;:&quot;.jet-carousel__prev-arrow-1637077&quot;,&quot;nextArrow&quot;:&quot;.jet-carousel__next-arrow-1637077&quot;,&quot;rtl&quot;:false,&quot;fractionNav&quot;:false,&quot;fade&quot;:false}\" dir=\"ltr\">\n\t<div class=\"elementor-slick-slider\">\n<div class=\"jet-carousel__item\">\n\t<div class=\"jet-carousel__item-inner\">\n\t<figure class=\"jet-banner jet-effect-lily\"><a href=\"https:\/\/romantikhotel.hu\/en\/triple-rooms\/\" class=\"jet-banner__link\"><div class=\"jet-banner__overlay\"><\/div><img decoding=\"async\" src=\"https:\/\/romantikhotel.hu\/wp-content\/uploads\/2021\/07\/FUM5124_web.jpg\" class=\"jet-banner__img\" alt=\"\" loading=\"lazy\"><figcaption class=\"jet-banner__content\"><div class=\"jet-banner__content-wrap\"><h5 class=\"jet-banner__title\">Triple rooms<\/h5><\/div><\/figcaption><\/a><\/figure>\n\t<\/div>\n<\/div><\/div><\/div>\n<\/div>\n<\/div>\t\t<\/div>\n\t\t\t\t<\/div>\n\t\t\t\t\t<\/div>\n\t\t<\/div>\n\t\t\t\t<div class=\"elementor-column elementor-col-33 elementor-top-column elementor-element elementor-element-7c8d3c2\" data-id=\"7c8d3c2\" data-element_type=\"column\">\n\t\t\t<div class=\"elementor-widget-wrap\">\n\t\t\t\t\t\t\t<\/div>\n\t\t<\/div>\n\t\t\t\t<div class=\"elementor-column elementor-col-33 elementor-top-column elementor-element elementor-element-d8ca787\" data-id=\"d8ca787\" data-element_type=\"column\">\n\t\t\t<div class=\"elementor-widget-wrap elementor-element-populated\">\n\t\t\t\t\t\t<div class=\"elementor-element elementor-element-4d28a97 elementor-widget elementor-widget-jet-carousel\" data-id=\"4d28a97\" data-element_type=\"widget\" data-settings=\"{&quot;slides_to_show_tablet&quot;:&quot;1&quot;,&quot;slides_to_show&quot;:&quot;1&quot;,&quot;slides_to_scroll&quot;:&quot;1&quot;}\" data-widget_type=\"jet-carousel.default\">\n\t\t\t\t<div class=\"elementor-widget-container\">\n\t\t\t<div class=\"elementor-jet-carousel jet-elements\"><div class=\"jet-carousel-wrap jet-equal-cols\">\n\t<div class=\"jet-carousel\" data-slider_options=\"{&quot;autoplaySpeed&quot;:5000,&quot;autoplay&quot;:true,&quot;infinite&quot;:true,&quot;centerMode&quot;:false,&quot;centerPadding&quot;:&quot;50px&quot;,&quot;pauseOnHover&quot;:true,&quot;speed&quot;:500,&quot;arrows&quot;:false,&quot;dots&quot;:false,&quot;variableWidth&quot;:false,&quot;prevArrow&quot;:&quot;.jet-carousel__prev-arrow-4d28a97&quot;,&quot;nextArrow&quot;:&quot;.jet-carousel__next-arrow-4d28a97&quot;,&quot;rtl&quot;:false,&quot;fractionNav&quot;:false,&quot;fade&quot;:false}\" dir=\"ltr\">\n\t<div class=\"elementor-slick-slider\">\n<div class=\"jet-carousel__item\">\n\t<div class=\"jet-carousel__item-inner\">\n\t<figure class=\"jet-banner jet-effect-lily\"><a href=\"https:\/\/romantikhotel.hu\/en\/superior-rooms\/\" class=\"jet-banner__link\"><div class=\"jet-banner__overlay\"><\/div><img decoding=\"async\" src=\"https:\/\/romantikhotel.hu\/wp-content\/uploads\/2021\/07\/FUM7758__web.jpg\" class=\"jet-banner__img\" alt=\"\" loading=\"lazy\"><figcaption class=\"jet-banner__content\"><div class=\"jet-banner__content-wrap\"><h5 class=\"jet-banner__title\">Superior rooms<\/h5><\/div><\/figcaption><\/a><\/figure>\n\t<\/div>\n<\/div><\/div><\/div>\n<\/div>\n<\/div>\t\t<\/div>\n\t\t\t\t<\/div>\n\t\t\t\t\t<\/div>\n\t\t<\/div>\n\t\t\t\t\t<\/div>\n\t\t<\/section>\n\t\t\t\t<\/div>\n\t\t","protected":false},"excerpt":{"rendered":"<p>Rooms Take a look at our rooms and ask us for a quote! Standard rooms Triple rooms Superior rooms<\/p>\n","protected":false},"author":1,"featured_media":0,"parent":0,"menu_order":0,"comment_status":"closed","ping_status":"closed","template":"","meta":[],"acf":[],"yoast_head":"<!-- This site is optimized with the Yoast SEO plugin v21.1 - https:\/\/yoast.com\/wordpress\/plugins\/seo\/ -->\n<title>Rooms - Hotel Romantik Eger ***<\/title>\n<meta name=\"description\" content=\"Hotel Romantik Eger *** has four different types of rooms. Some rooms have extra beds. They range in size from 12 to 24 m2.\" \/>\n<meta name=\"robots\" content=\"index, follow, max-snippet:-1, max-image-preview:large, max-video-preview:-1\" \/>\n<link rel=\"canonical\" href=\"https:\/\/romantikhotel.hu\/szobak\/\" \/>\n<meta property=\"og:locale\" content=\"en_US\" \/>\n<meta property=\"og:type\" content=\"article\" \/>\n<meta property=\"og:title\" content=\"Rooms - Hotel Romantik Eger ***\" \/>\n<meta property=\"og:description\" content=\"Hotel Romantik Eger *** has four different types of rooms. Some rooms have extra beds. They range in size from 12 to 24 m2.\" \/>\n<meta property=\"og:url\" content=\"https:\/\/romantikhotel.hu\/szobak\/\" \/>\n<meta property=\"og:site_name\" content=\"Romantik Hotel***\" \/>\n<meta property=\"article:modified_time\" content=\"2026-01-05T22:04:16+00:00\" \/>\n<meta property=\"og:image\" content=\"https:\/\/romantikhotel.hu\/wp-content\/uploads\/2021\/06\/FUM5096_web.jpg\" \/>\n<meta name=\"twitter:card\" content=\"summary_large_image\" \/>\n<script type=\"application\/ld+json\" class=\"yoast-schema-graph\">{\"@context\":\"https:\/\/schema.org\",\"@graph\":[{\"@type\":\"WebPage\",\"@id\":\"https:\/\/romantikhotel.hu\/szobak\/\",\"url\":\"https:\/\/romantikhotel.hu\/szobak\/\",\"name\":\"Rooms - Hotel Romantik Eger ***\",\"isPartOf\":{\"@id\":\"https:\/\/romantikhotel.hu\/#website\"},\"datePublished\":\"2019-07-08T03:01:51+00:00\",\"dateModified\":\"2026-01-05T22:04:16+00:00\",\"description\":\"Hotel Romantik Eger *** has four different types of rooms. Some rooms have extra beds. They range in size from 12 to 24 m2.\",\"breadcrumb\":{\"@id\":\"https:\/\/romantikhotel.hu\/szobak\/#breadcrumb\"},\"inLanguage\":\"en-US\",\"potentialAction\":[{\"@type\":\"ReadAction\",\"target\":[\"https:\/\/romantikhotel.hu\/szobak\/\"]}]},{\"@type\":\"BreadcrumbList\",\"@id\":\"https:\/\/romantikhotel.hu\/szobak\/#breadcrumb\",\"itemListElement\":[{\"@type\":\"ListItem\",\"position\":1,\"name\":\"Kezd\u0151lap\",\"item\":\"https:\/\/romantikhotel.hu\/\"},{\"@type\":\"ListItem\",\"position\":2,\"name\":\"Rooms\"}]},{\"@type\":\"WebSite\",\"@id\":\"https:\/\/romantikhotel.hu\/#website\",\"url\":\"https:\/\/romantikhotel.hu\/\",\"name\":\"Romantik Hotel***\",\"description\":\"Kikapcsol\u00f3d\u00e1s Eger belv\u00e1ros\u00e1ban\",\"potentialAction\":[{\"@type\":\"SearchAction\",\"target\":{\"@type\":\"EntryPoint\",\"urlTemplate\":\"https:\/\/romantikhotel.hu\/?s={search_term_string}\"},\"query-input\":\"required name=search_term_string\"}],\"inLanguage\":\"en-US\"}]}<\/script>\n<!-- \/ Yoast SEO plugin. -->","yoast_head_json":{"title":"Rooms - Hotel Romantik Eger ***","description":"Hotel Romantik Eger *** has four different types of rooms. Some rooms have extra beds. They range in size from 12 to 24 m2.","robots":{"index":"index","follow":"follow","max-snippet":"max-snippet:-1","max-image-preview":"max-image-preview:large","max-video-preview":"max-video-preview:-1"},"canonical":"https:\/\/romantikhotel.hu\/szobak\/","og_locale":"en_US","og_type":"article","og_title":"Rooms - Hotel Romantik Eger ***","og_description":"Hotel Romantik Eger *** has four different types of rooms. Some rooms have extra beds. They range in size from 12 to 24 m2.","og_url":"https:\/\/romantikhotel.hu\/szobak\/","og_site_name":"Romantik Hotel***","article_modified_time":"2026-01-05T22:04:16+00:00","og_image":[{"url":"https:\/\/romantikhotel.hu\/wp-content\/uploads\/2021\/06\/FUM5096_web.jpg"}],"twitter_card":"summary_large_image","schema":{"@context":"https:\/\/schema.org","@graph":[{"@type":"WebPage","@id":"https:\/\/romantikhotel.hu\/szobak\/","url":"https:\/\/romantikhotel.hu\/szobak\/","name":"Rooms - Hotel Romantik Eger ***","isPartOf":{"@id":"https:\/\/romantikhotel.hu\/#website"},"datePublished":"2019-07-08T03:01:51+00:00","dateModified":"2026-01-05T22:04:16+00:00","description":"Hotel Romantik Eger *** has four different types of rooms. Some rooms have extra beds. They range in size from 12 to 24 m2.","breadcrumb":{"@id":"https:\/\/romantikhotel.hu\/szobak\/#breadcrumb"},"inLanguage":"en-US","potentialAction":[{"@type":"ReadAction","target":["https:\/\/romantikhotel.hu\/szobak\/"]}]},{"@type":"BreadcrumbList","@id":"https:\/\/romantikhotel.hu\/szobak\/#breadcrumb","itemListElement":[{"@type":"ListItem","position":1,"name":"Kezd\u0151lap","item":"https:\/\/romantikhotel.hu\/"},{"@type":"ListItem","position":2,"name":"Rooms"}]},{"@type":"WebSite","@id":"https:\/\/romantikhotel.hu\/#website","url":"https:\/\/romantikhotel.hu\/","name":"Romantik Hotel***","description":"Kikapcsol\u00f3d\u00e1s Eger belv\u00e1ros\u00e1ban","potentialAction":[{"@type":"SearchAction","target":{"@type":"EntryPoint","urlTemplate":"https:\/\/romantikhotel.hu\/?s={search_term_string}"},"query-input":"required name=search_term_string"}],"inLanguage":"en-US"}]}},"_links":{"self":[{"href":"https:\/\/romantikhotel.hu\/en\/wp-json\/wp\/v2\/pages\/1734"}],"collection":[{"href":"https:\/\/romantikhotel.hu\/en\/wp-json\/wp\/v2\/pages"}],"about":[{"href":"https:\/\/romantikhotel.hu\/en\/wp-json\/wp\/v2\/types\/page"}],"author":[{"embeddable":true,"href":"https:\/\/romantikhotel.hu\/en\/wp-json\/wp\/v2\/users\/1"}],"replies":[{"embeddable":true,"href":"https:\/\/romantikhotel.hu\/en\/wp-json\/wp\/v2\/comments?post=1734"}],"version-history":[{"count":4,"href":"https:\/\/romantikhotel.hu\/en\/wp-json\/wp\/v2\/pages\/1734\/revisions"}],"predecessor-version":[{"id":1924,"href":"https:\/\/romantikhotel.hu\/en\/wp-json\/wp\/v2\/pages\/1734\/revisions\/1924"}],"wp:attachment":[{"href":"https:\/\/romantikhotel.hu\/en\/wp-json\/wp\/v2\/media?parent=1734"}],"curies":[{"name":"wp","href":"https:\/\/api.w.org\/{rel}","templated":true}]}}